{"id":2,"date":"2018-12-07T05:34:44","date_gmt":"2018-12-07T05:34:44","guid":{"rendered":"https:\/\/sublimatorwarrior.com\/?page_id=2"},"modified":"2019-01-28T01:58:06","modified_gmt":"2019-01-28T01:58:06","slug":"about-us","status":"publish","type":"page","link":"https:\/\/sublimatorwarrior.com\/fr\/about-us\/","title":{"rendered":"\u00c0 Propos"},"content":{"rendered":"\n<div class=\"wp-block-image\"><figure class=\"alignleft\"><img loading=\"lazy\" decoding=\"async\" width=\"101\" height=\"160\" src=\"https:\/\/sublimatorwarrior.com\/wp-content\/uploads\/2018\/12\/jmw-fp-160-s.png\" alt=\"\" class=\"wp-image-567\"\/><\/figure><\/div>\n\n\n\n<h4 class=\"wp-block-heading\"><br><strong><em>Qui nous sommes,<\/em><\/strong><\/h4>\n\n\n\n<div style=\"height:41px\" aria-hidden=\"true\" class=\"wp-block-spacer\"><\/div>\n\n\n\n<blockquote class=\"wp-block-quote is-style-large is-layout-flow wp-block-quote-is-layout-flow\"><p>Bonjours!<\/p><p>Nous sommes une petite compagnie qui veut faire une diff\u00e9rence. Nous voulons vous aider \u00e0 comprendre les avantages de ce m\u00e9dicamenter avec le cannabis. &nbsp;<\/p><\/blockquote>\n\n\n\n<blockquote class=\"wp-block-quote is-style-large is-layout-flow wp-block-quote-is-layout-flow\"><p>La compagnie Sublimator Warrior \u00e0 \u00e9t\u00e9 cr\u00e9\u00e9 en 2015, et nous organisons des \u00e9v\u00e9nements pour le public depuis.<\/p><p>Nous avons un <strong><em>&#8220;dab bar mobile&#8221;<\/em><\/strong> pour toutes sorte d&#8217;\u00e9v\u00e9nements :<\/p><p><strong><em>* marriage,<\/em><\/strong><\/p><p><strong><em>* f\u00eate de burreau,<\/em><\/strong><\/p><p><strong><em>* f\u00eate priv\u00e9.<\/em><\/strong><\/p><p>D\u00e9di\u00e9 \u00e0 aider la communaut\u00e9 m\u00e9dicale.<\/p><\/blockquote>\n\n\n<p><!--EndFragment--><\/p>\n<p><\/p>","protected":false},"excerpt":{"rendered":"<p>Qui nous sommes, Bonjours! Nous sommes une petite compagnie qui veut faire une diff\u00e9rence. Nous voulons vous aider \u00e0 comprendre les avantages de ce m\u00e9dicamenter avec le cannabis. &nbsp; La<\/p>\n<p class=\"margin-top-10\"><a class=\"moretag text-medium\" href=\"https:\/\/sublimatorwarrior.com\/fr\/about-us\/\">Read More<\/a><\/p>\n","protected":false},"author":1,"featured_media":0,"parent":0,"menu_order":0,"comment_status":"closed","ping_status":"open","template":"","meta":{"footnotes":""},"class_list":["post-2","page","type-page","status-publish","hentry"],"translation":{"provider":"WPGlobus","version":"3.0.2","language":"fr","enabled_languages":["en","fr"],"languages":{"en":{"title":true,"content":true,"excerpt":false},"fr":{"title":true,"content":true,"excerpt":false}}},"aioseo_notices":[],"_links":{"self":[{"href":"https:\/\/sublimatorwarrior.com\/fr\/wp-json\/wp\/v2\/pages\/2","targetHints":{"allow":["GET"]}}],"collection":[{"href":"https:\/\/sublimatorwarrior.com\/fr\/wp-json\/wp\/v2\/pages"}],"about":[{"href":"https:\/\/sublimatorwarrior.com\/fr\/wp-json\/wp\/v2\/types\/page"}],"author":[{"embeddable":true,"href":"https:\/\/sublimatorwarrior.com\/fr\/wp-json\/wp\/v2\/users\/1"}],"replies":[{"embeddable":true,"href":"https:\/\/sublimatorwarrior.com\/fr\/wp-json\/wp\/v2\/comments?post=2"}],"version-history":[{"count":42,"href":"https:\/\/sublimatorwarrior.com\/fr\/wp-json\/wp\/v2\/pages\/2\/revisions"}],"predecessor-version":[{"id":1281,"href":"https:\/\/sublimatorwarrior.com\/fr\/wp-json\/wp\/v2\/pages\/2\/revisions\/1281"}],"wp:attachment":[{"href":"https:\/\/sublimatorwarrior.com\/fr\/wp-json\/wp\/v2\/media?parent=2"}],"curies":[{"name":"wp","href":"https:\/\/api.w.org\/{rel}","templated":true}]}}